{"id":5928,"date":"2018-05-16T16:36:14","date_gmt":"2018-05-16T14:36:14","guid":{"rendered":"https:\/\/xbodyworld.com\/?page_id=5928"},"modified":"2021-06-23T17:24:42","modified_gmt":"2021-06-23T16:24:42","slug":"xbody-acticare-360","status":"publish","type":"page","link":"https:\/\/es.xbodyworld.com\/es\/xbody-acticare-360\/","title":{"rendered":"XBody ActiCare 360"},"content":{"rendered":"<div class=\"vc_row wpb_row vc_row-fluid\"><div class=\"wpb_column vc_column_container vc_col-sm-12\"><div class=\"vc_column-inner\"><div class=\"wpb_wrapper\">\n<style>\n\t.slide.post-5930,\n\t.slide.post-debug-5930 {\n\t\tbackground-position-x: 100%;\n\t\tbackground-position-y: 100%;\n\t\tbackground-size: cover;\n\t\tbackground-repeat: no-repeat;\n\t\tbackground-attachment: initial;\n\t\tbackground-origin: initial;\n\t\tbackground-clip: initial;\n\t\tbackground-color: initial;\n\t\tbackground-image: url(\"https:\/\/es.xbodyworld.com\/wp-content\/uploads\/2018\/05\/acticare-hero-bg.png\");\n\t\tcolor: white !important;\t}\n\n\t.slide.post-5930 a:hover,\n\t.slide.post-debug-5930 a:hover {\n\t\tcolor: white !important;\n\t\tborder-color: white;\n\t}\n\t\n\t.slide.post-5930 .xbody-contactform a:hover,\n\t.slide.post-debug-5930 .xbody-contactform a:hover {\n\t\tborder-bottom-color: #2b353a!important;\n\t\tcolor: #2b353a!important;\n\t\ttext-decoration: none!important;\n\t}\n\n\t\n<\/style>\n\n\n<div class=\"headerpost first section\">\n\n\t<div class=\"slide w-slide  post-5930 post-debug-5930\" style=\"transform: translateX(0px); opacity: 1;\">\n\t\t<div class=\"vertical-center-left wide-container\">\n\t\t\t<div class=\"content-wrapper-50\">\n\t\t\t\t<h1><strong><img loading=\"lazy\" class=\"alignnone wp-image-6003\" src=\"\/wp-content\/uploads\/2018\/05\/ActiCare360-White-300x24.png\" alt=\"\" width=\"450\" height=\"36\" srcset=\"https:\/\/es.xbodyworld.com\/wp-content\/uploads\/2018\/05\/ActiCare360-White-300x24.png 300w, https:\/\/es.xbodyworld.com\/wp-content\/uploads\/2018\/05\/ActiCare360-White-768x61.png 768w, https:\/\/es.xbodyworld.com\/wp-content\/uploads\/2018\/05\/ActiCare360-White.png 904w\" sizes=\"(max-width: 450px) 100vw, 450px\" \/><\/strong><\/h1>\n<h1><strong>Paquete de soporte completo para su negocio de EMS<\/strong><\/h1>\n<p>Nuestra misi\u00f3n es proporcionar siempre a nuestros socios comerciales conceptos innovadores, poderosos y rentables para su negocio de EMS. XBody no solo vende equipos, sino que tambi\u00e9n <strong>proporciona soporte y conocimientos empresariales completos<\/strong> para ayudarle a usted y a su negocio de EMS a tener \u00e9xito.<\/p>\n<p>Una de <strong>nuestras \u00faltimas innovaciones, Acticare 360<\/strong> es un paquete de apoyo completamente \u00fanico para cuidar de nuestros socios y ayudarles a cumplir sus sue\u00f1os y objetivos. Con Acticare 360, nuestros socios reciben soporte completo y gu\u00edas \u00fatiles y pr\u00e1cticas desde la apertura de su estudio hasta la operaci\u00f3n diaria y todo el ciclo de vida de su negocio.<\/p>\n\t\t\t<\/div>\n\t\t\t\t<div class=\"content-wrapper-50 full-height\">\n\t\t\t\t\t\t<img class=\"full-width-image\" src=\"https:\/\/es.xbodyworld.com\/wp-content\/uploads\/2018\/06\/acticare-hero-img-1.png\" >\n\t\t\t\t\t<\/div>\n\t\t\t<\/div>\n\t<\/div>\n\n<\/div>\n<\/div><\/div><\/div><\/div><div class=\"vc_row wpb_row vc_row-fluid\"><div class=\"wpb_column vc_column_container vc_col-sm-12\"><div class=\"vc_column-inner\"><div class=\"wpb_wrapper\"><div class=\"bottom-border section\"><div class=\"breadcrumbs-wrapper\"><a class=\"breadcrumbs-link\" href=\"https:\/\/es.xbodyworld.com\/es\" rel=\"nofollow\" >Home<\/a><\/div><\/div><\/div><\/div><\/div><\/div><div class=\"vc_row wpb_row vc_row-fluid\"><div class=\"wpb_column vc_column_container vc_col-sm-12\"><div class=\"vc_column-inner\"><div class=\"wpb_wrapper\">\n<div  class=\"margins section xbody-changingside post-5940\">\n\t<div class=\"regular-container\">\n\t\t\t\t\t<h1 class=\"mb-50 section-heading\">SOBRE ACTICARE 360\u00b0<\/h1>\n\t\t\t\t<div class=\"story-section\">\n\t\t\t<div class=\"row vertical-align w-row\">\n\t\t\t\t\t\t\t<div class=\"column w-col w-col-6 w-col-medium-6 w-col-small-small-stack w-col-tiny-tiny-stack small-order-two\">\n\t\t\t\t\t\t<div class=\"paragraphcont\">\n\t\t\t\t\t\t\t<h3 class=\"story-header\">Paquete de soporte completo para su negocio de EMS<\/h3><p>Estamos profundamente comprometidos a desarrollar el mercado, crear tendencias, estar a la vanguardia.<\/p>\n<p>Es por eso que creamos un paquete exclusivo de soporte empresarial, disponible solo para los clientes de XBody para <strong>apoyar a nuestros socios y ayudarlos a hacer crecer sus propios negocios de EMS.<\/strong><\/p>\n<p>Hemos nombrado nuestro sistema de soporte &#8220;XBody ActiCare360&#8221; ya que nos ocupamos activamente por su \u00e9xito y ofrecemos un <strong>espectro completo de caracter\u00edsticas \u00fatiles en los campos m\u00e1s importantes en el negocio de EMS.<\/strong><\/p>\n\t\t\t\t\t\t<\/div>\n\t\t\t\t\t<\/div>\n\t\t\t\t\t<div class=\"w-col w-col-6 w-col-medium-6 w-col-small-small-stack w-col-tiny-tiny-stack small-order-one\">\n\t\t\t\t\t\t<div class=\"column large\">\n\t\t\t\t\t<!-- youtube_id:  -->\t\t\t\t\t\t\t\t<img class=\"padding-10\" src=\"https:\/\/es.xbodyworld.com\/wp-content\/uploads\/2018\/05\/acticare-1.png\" >\n\t\t\t\t\t\t\t\t\t\t\t<\/div>\n\t\t\t\t\t<\/div>\n\t\t\t\t\t\t<\/div>\n\t\t<\/div>\n\t\t\t\t<div class=\"story-section\">\n\t\t\t<div class=\"row vertical-align w-row\">\n\t\t\t\t\t\t\t<div class=\"column w-col w-col-6 w-col-medium-6 w-col-small-small-stack w-col-tiny-tiny-stack small-order-one\">\n\t\t\t\t\t\t<div class=\"column large\">\n\t\t\t\t\t<!-- youtube_id:  -->\t\t\t\t\t\t\t\t<img class=\"padding-10\" src=\"https:\/\/es.xbodyworld.com\/wp-content\/uploads\/2018\/05\/acticare-2.png\" >\n\t\t\t\t\t\t\t\t\t\t\t<\/div>\n\t\t\t\t\t<\/div>\n\t\t\t\t\t<div class=\"w-col w-col-6 w-col-medium-6 w-col-small-small-stack w-col-tiny-tiny-stack small-order-two\">\n\t\t\t\t\t\t<div class=\"paragraphcont\">\n\t\t\t\t\t\t\t<h3 class=\"story-header\">ActiCare 360 \u2013 Soporte completo para su negocio de EMS<\/h3>\n\t\t\t\t\t\t\t<p>Con ActiCare 360, ayudamos a su negocio con materiales de marketing listos para usar, videos educativos y <strong>gu\u00edas pr\u00e1cticas con ejemplos de la vida real sobre c\u00f3mo construir un estudio de EMS exitoso.<\/strong><\/p>\n<p><strong>Proporcionamos capacitaci\u00f3n, educaci\u00f3n y gu\u00edas sobre cada paso significativo de iniciar y dirigir un estudio de EMS.<\/strong> Desde la fase de preparaci\u00f3n y la gran apertura, hasta c\u00f3mo conseguir sus primeros 100 clientes y c\u00f3mo dirigir su estudio de manera efectiva.<\/p>\n<p>Abrir un estudio de EMS ya no ser\u00e1 una inseguridad.<strong> Recopilamos los datos, nos ganamos la experiencia y compartimos todos nuestros conocimientos con nuestros socios.<\/strong><\/p>\n\t\t\t\t\t\t<\/div>\n\t\t\t\t\t<\/div>\n\t\t\t\t\t<\/div>\n\t\t<\/div>\n\t\t\t\t\t\n\t<\/div>\n<\/div><\/div><\/div><\/div><\/div><div class=\"vc_row wpb_row vc_row-fluid\"><div class=\"wpb_column vc_column_container vc_col-sm-12\"><div class=\"vc_column-inner\"><div class=\"wpb_wrapper\">\n<div  style=\"background: #2b353a;\" class=\"margins section xbody-changingside post-5945 colored-bg gradient\">\n\t<div class=\"regular-container\">\n\t\t\t\t<div class=\"story-section\">\n\t\t\t<div class=\"row vertical-align w-row\">\n\t\t\t\t\t\t\t<div class=\"column w-col w-col-6 w-col-medium-6 w-col-small-small-stack w-col-tiny-tiny-stack small-order-two\">\n\t\t\t\t\t\t<div class=\"paragraphcont dark intro\">\n\t\t\t\t\t\t\t<h3 class=\"story-header dark\">Soporte completo en su camino hacia el \u00e9xito<\/h3><p>XBody Acticare 360 es nuestra \u00faltima mejora para<strong> ayudar a nuestros socios a iniciar su estudio EMS con \u00e9xito<\/strong> y elevar su negocio al siguiente nivel.<\/p>\n<p><strong>Con Acticare 360 ofrecemos un espectro completo de entrenamientos, videos y gu\u00edas en los campos m\u00e1s importantes del negocio de EMS.<\/strong> Ofrecemos consultas de negocios personalizadas, variedades de diferentes gu\u00edas de negocios (dise\u00f1o de estudio, dise\u00f1o, marketing, selecci\u00f3n personal y educaci\u00f3n, operaci\u00f3n de estudio) y acceso completo a nuestra base de datos de activos de marketing \u00fanica y soporte t\u00e9cnico y servicio personalizados, y fusionamos toda esta ayuda pr\u00e1ctica en un paquete innovador y atento.<\/p>\n<p><strong>Acticare 360 proporciona un soporte completo de 360 grados para todas las necesidades y preguntas de su negocio ayud\u00e1ndole a trav\u00e9s de los pasos m\u00e1s importantes en el camino hacia el \u00e9xito.<\/strong> Desde la apertura de su estudio, hasta c\u00f3mo llegar al siguiente nivel de operaciones y rentabilidad.<\/p>\n<div class=\"maybegluetobottom\">\n\t\t\t\t<a class=\"solid button\" href=\"https:\/\/es.xbodyworld.com\/es\/contactenos\/\">CONT\u00c1CTENOS<\/a>\n\t\t\t<\/div>\n\t\t\t\t\t\t<\/div>\n\t\t\t\t\t<\/div>\n\t\t\t\t\t<div class=\"w-col w-col-6 w-col-medium-6 w-col-small-small-stack w-col-tiny-tiny-stack small-order-one\">\n\t\t\t\t\t\t<div class=\"column large\">\n\t\t\t\t\t<!-- youtube_id:  -->\t\t\t\t\t\t\t\t<img class=\"padding-10\" src=\"https:\/\/es.xbodyworld.com\/wp-content\/uploads\/2018\/05\/acticare-3.png\" >\n\t\t\t\t\t\t\t\t\t\t\t<\/div>\n\t\t\t\t\t<\/div>\n\t\t\t\t\t\t<\/div>\n\t\t<\/div>\n\t\t\t\t\t\n\t<\/div>\n<\/div><\/div><\/div><\/div><\/div><div class=\"vc_row wpb_row vc_row-fluid\"><div class=\"wpb_column vc_column_container vc_col-sm-12\"><div class=\"vc_column-inner\"><div class=\"wpb_wrapper\"><div class=\"margins margins-large no-margin-bottom really-no-margin-bottom noborder section\">\n\t\t\t\t\t\t<div class=\"regular-container\"><h1 class=\"section-heading\" style=\"text-align: center;\">LLEVE A SU ESTUDIO AL \u00c9XITO CON XBODY ACTICARE 360\u00b0<\/h1>\n<p style=\"text-align: center;\">LE AYUDAREMOS A TRAV\u00c9S DE TODOS LOS PASOS M\u00c1S IMPORTANTES EN EL CAMINO HACIA EL \u00c9XITO<\/p>\n<\/div>\n\t\t\t\t\t<\/div>\n<div  class=\"margins section xbody-changingside post-5954  nobottomspace\">\n\t<div class=\"wide-container nobottomspace\">\n\t\t\t\t<div class=\"story-section\">\n\t\t\t<div class=\"row vertical-align w-row\">\n\t\t\t\t\t\t\t<div class=\"column w-col w-col-6 w-col-medium-6 w-col-small-small-stack w-col-tiny-tiny-stack small-order-two\">\n\t\t\t\t\t\t<div class=\"paragraphcont\">\n\t\t\t\t\t\t\t<h3 class=\"story-header\">Apertura de su estudio \u2013 \u00bfC\u00f3mo abrir su estudio de EMS?<\/h3><p>&nbsp;<\/p>\n<table class=\"nonmax csptable\">\n<tbody>\n<tr>\n<td width=\"111\">\u00a0<img loading=\"lazy\" class=\"wp-image-6017 aligncenter\" src=\"\/wp-content\/uploads\/2018\/05\/consultation.png\" alt=\"\" width=\"81\" height=\"68\" \/><\/td>\n<td width=\"503\"><strong>UNA CONSULTA DE NEGOCIO INDIVIDUAL<\/strong> Si est\u00e1 interesado en abrir un estudio o agregar EMS a su cartera de servicios, consulte a nuestros profesionales experimentados con respecto al modelo de negocio adecuado, c\u00f3mo se puede personalizar para su negocio, <strong>discuta su plan de negocio, opciones de entrenamientos, mejores pr\u00e1cticas y posible retorno de la inversi\u00f3n.<\/strong><\/td>\n<\/tr>\n<tr>\n<td width=\"111\">\u00a0<img loading=\"lazy\" class=\"wp-image-6019 aligncenter\" src=\"\/wp-content\/uploads\/2018\/05\/guide.png\" alt=\"\" width=\"81\" height=\"115\" \/><\/td>\n<td width=\"503\"><strong>GU\u00cdA DE DISE\u00d1O Y DISE\u00d1O DE ESTUDIO<\/strong><br \/>\nBas\u00e1ndonos en muchos a\u00f1os de experiencia y las informaciones de estudios operando con \u00e9xito en todo el mundo, hemos desarrollado una gu\u00eda completa sobre los requisitos b\u00e1sicos, <strong>&#8220;imprescindible&#8221; y &#8220;agradable de tener&#8221; en su estudio EMS,<\/strong> dise\u00f1os de estudio \u00f3ptimos, evaluaci\u00f3n de clientes, la creaci\u00f3n de su cartera de servicios y tipos de entrenamientos.<\/td>\n<\/tr>\n<tr>\n<td width=\"111\">\u00a0<img loading=\"lazy\" class=\"aligncenter wp-image-6015\" src=\"\/wp-content\/uploads\/2018\/05\/assets.png\" alt=\"\" width=\"81\" height=\"81\" \/><\/td>\n<td width=\"503\"><span style=\"font-family: inherit; font-size: inherit;\">\u00a0<strong>ACCESO A LOS ACTIVOS DE MARKETING DE XBODY<\/strong><br \/>\nCon nuestro <strong>Portal de Socios<\/strong> recibe acceso a cientos de fotos, logotipos e im\u00e1genes que puede usar para decorar su estudio o para crear su propia publicidad.<br \/>\n<\/span><\/td>\n<\/tr>\n<tr>\n<td width=\"111\">\u00a0<img loading=\"lazy\" class=\"wp-image-6019 aligncenter\" src=\"\/wp-content\/uploads\/2018\/05\/guide.png\" alt=\"\" width=\"81\" height=\"115\" \/><\/td>\n<td width=\"503\"><strong>GU\u00cdA DE SELECCI\u00d3N Y EDUCACI\u00d3N DE PERSONAL<\/strong><br \/>\nHemos recopilado las caracter\u00edsticas \u00f3ptimas que hacen que un gerente de estudio o un entrenador forme parte del \u00e9xito de su estudio, consejos sobre <strong>c\u00f3mo elegir a sus empleados<\/strong> e informaci\u00f3n sobre nuestros <strong>cursos de formaci\u00f3n disponibles<\/strong> para que sean educados en nuestro Instituto de Entrenadores EMS para el m\u00e1ximo rendimiento de su estudio.<\/td>\n<\/tr>\n<\/tbody>\n<\/table>\n<p>&nbsp;<\/p>\n\t\t\t\t\t\t<\/div>\n\t\t\t\t\t<\/div>\n\t\t\t\t\t<div class=\"w-col w-col-6 w-col-medium-6 w-col-small-small-stack w-col-tiny-tiny-stack small-order-one\">\n\t\t\t\t\t\t<div class=\"column large\">\n\t\t\t\t\t<!-- youtube_id:  -->\t\t\t\t\t\t\t\t<img class=\"padding-10\" src=\"https:\/\/es.xbodyworld.com\/wp-content\/uploads\/2018\/05\/ACTIWAVE-Hybrid-2Persons.png\" >\n\t\t\t\t\t\t\t\t\t\t\t<\/div>\n\t\t\t\t\t<\/div>\n\t\t\t\t\t\t<\/div>\n\t\t<\/div>\n\t\t\t\t<div class=\"story-section\">\n\t\t\t<div class=\"row vertical-align w-row\">\n\t\t\t\t\t\t\t<div class=\"column w-col w-col-6 w-col-medium-6 w-col-small-small-stack w-col-tiny-tiny-stack small-order-one\">\n\t\t\t\t\t\t<div class=\"column large\">\n\t\t\t\t\t<!-- youtube_id:  -->\t\t\t\t\t\t\t\t<img class=\"padding-10\" src=\"https:\/\/es.xbodyworld.com\/wp-content\/uploads\/2018\/05\/First-100-Clients-Guide-e1528285989472.png\" >\n\t\t\t\t\t\t\t\t\t\t\t<\/div>\n\t\t\t\t\t<\/div>\n\t\t\t\t\t<div class=\"w-col w-col-6 w-col-medium-6 w-col-small-small-stack w-col-tiny-tiny-stack small-order-two\">\n\t\t\t\t\t\t<div class=\"paragraphcont\">\n\t\t\t\t\t\t\t<h3 class=\"story-header\">Construyendo su clientela \u2013 \u00bfC\u00f3mo obtener sus primeros 100 clientes?<\/h3>\n\t\t\t\t\t\t\t<p>&nbsp;<\/p>\n<table class=\"nonmax csptable\">\n<tbody>\n<tr>\n<td width=\"111\">\u00a0<img loading=\"lazy\" class=\"alignnone wp-image-6019\" src=\"\/wp-content\/uploads\/2018\/05\/guide.png\" alt=\"\" width=\"81\" height=\"115\" \/><\/td>\n<td width=\"503\"><strong>&#8220;\u00bfC\u00d3MO OBTENER MIS PRIMEROS 100 CLIENTES?&#8221; GU\u00cdA DE MARKETING<\/strong><br \/>\nSabemos lo importante que es ganar nuevos clientes y hacerlos miembros de su estudio. Nuestras pautas sobre c\u00f3mo promocionar su estudio, c\u00f3mo anunciarlo, qu\u00e9 promociones cruzadas podr\u00edan ser \u00fatiles y los casos pr\u00e1cticos de las actividades de marketing de los estudios operativos con \u00e9xito <strong>le ayudar\u00e1n a iniciar e impulsar su negocio de la manera m\u00e1s efectiva.<\/strong><\/td>\n<\/tr>\n<\/tbody>\n<\/table>\n\t\t\t\t\t\t<\/div>\n\t\t\t\t\t<\/div>\n\t\t\t\t\t<\/div>\n\t\t<\/div>\n\t\t\t\t<div class=\"story-section\">\n\t\t\t<div class=\"row vertical-align w-row\">\n\t\t\t\t\t\t\t<div class=\"column w-col w-col-6 w-col-medium-6 w-col-small-small-stack w-col-tiny-tiny-stack small-order-two\">\n\t\t\t\t\t\t<div class=\"paragraphcont\">\n\t\t\t\t\t\t\t<h3 class=\"story-header\">Funcionamiento de su estudio \u2013 \u00bfC\u00f3mo operar su estudio de manera eficiente?<\/h3><p>&nbsp;<\/p>\n<table class=\"nonmax csptable\">\n<tbody>\n<tr>\n<td width=\"111\">\u00a0<img loading=\"lazy\" class=\"wp-image-6019 aligncenter\" src=\"\/wp-content\/uploads\/2018\/05\/guide.png\" alt=\"\" width=\"80\" height=\"113\" \/><\/td>\n<td width=\"503\"><strong>GU\u00cdA DE OPERACI\u00d3N DE ESTUDIO<\/strong><br \/>\nHemos elaborado rutinas de operaci\u00f3n profesional para los estudios para proporcionar a los clientes experiencias de entrenamiento de calidad y para<strong> gerenciar el estudio de forma segura, eficaz y eficiente para obtener los m\u00e1ximos resultados empresariales<\/strong>. La gu\u00eda tambi\u00e9n proporciona informaci\u00f3n sobre c\u00f3mo apoyar las primeras sesiones de entrenamiento de nuevos clientes, el proceso y el calendario de sesiones y c\u00f3mo ganar clientes que regresan. Describimos la introducci\u00f3n al entrenamiento grupal, c\u00f3mo manejar a los clientes y c\u00f3mo utilizar su personal y dispositivos para impulsar su negocio y multiplicar su facturaci\u00f3n<\/td>\n<\/tr>\n<tr>\n<td width=\"111\">\u00a0<img loading=\"lazy\" class=\"wp-image-6020 aligncenter\" src=\"\/wp-content\/uploads\/2018\/05\/technical-support.png\" alt=\"\" width=\"81\" height=\"82\" \/><\/td>\n<td width=\"503\"><strong>SOPORTE T\u00c9CNICO Y SERVICIO<\/strong><br \/>\nXBody presta mucha atenci\u00f3n a encontrar todos los socios de servicio adecuados en cada pa\u00eds en el que distribuimos, y educarlos sobre los detalles de nuestras soluciones para asegurarse de que ofrecen el <strong>mismo est\u00e1ndar de servicio de alta calidad dondequiera que est\u00e9<\/strong>. Dependiendo de sus necesidades, nuestros socios de servicio pueden atenderlo localmente, de forma remota por nuestro departamento de soporte t\u00e9cnico o directamente desde nuestra sede. Nuestro objetivo es ofrecer a nuestros socios un proceso de servicio simplificado, cada solicitud se eval\u00faa individualmente, y dependiendo de su urgencia y complejidad se responde dentro de 2 d\u00edas h\u00e1biles. Cuando env\u00ede una solicitud a nuestro equipo de soporte, obtendr\u00e1 un n\u00famero de seguimiento \u00fanico para su mensaje para que pueda seguir el proceso mientras se est\u00e1 resolviendo<\/td>\n<\/tr>\n<tr>\n<td width=\"111\"><\/td>\n<td width=\"503\"><\/td>\n<\/tr>\n<\/tbody>\n<\/table>\n\t\t\t\t\t\t<\/div>\n\t\t\t\t\t<\/div>\n\t\t\t\t\t<div class=\"w-col w-col-6 w-col-medium-6 w-col-small-small-stack w-col-tiny-tiny-stack small-order-one\">\n\t\t\t\t\t\t<div class=\"column large\">\n\t\t\t\t\t<!-- youtube_id:  -->\t\t\t\t\t\t\t\t<img class=\"padding-10\" src=\"https:\/\/es.xbodyworld.com\/wp-content\/uploads\/2018\/05\/running-your-business-e1528286505412.jpg\" >\n\t\t\t\t\t\t\t\t\t\t\t<\/div>\n\t\t\t\t\t<\/div>\n\t\t\t\t\t\t<\/div>\n\t\t<\/div>\n\t\t\t\t\t\n\t<\/div>\n<\/div><div style=\"text-align: center; width: 100%;\"  class=\"maybegluetobottom\">\n\t\t\t\t<a class=\"solid button\" href=\"https:\/\/es.xbodyworld.com\/es\/contactenos\/\">Cont\u00e1ctenos<\/a>\n\t\t\t<\/div><\/div><\/div><\/div><\/div><div class=\"vc_row wpb_row vc_row-fluid vc_column-gap-35\"><div class=\"wpb_column vc_column_container vc_col-sm-12\"><div class=\"vc_column-inner\"><div class=\"wpb_wrapper\"><\/div><\/div><\/div><\/div><div data-vc-full-width=\"true\" data-vc-full-width-init=\"false\" class=\"vc_row wpb_row vc_row-fluid vc_column-gap-35 vc_row-o-content-middle vc_row-flex\"><div class=\"displaynoneimportant wpb_column vc_column_container vc_col-sm-12\"><div class=\"vc_column-inner\"><div class=\"wpb_wrapper\"><div class=\"accent-bg section testimonial-section\">\n\t<div class=\"regular-container\">\n\t\t<div class=\"testimonial-slider w-slider\" data-animation=\"slide\" data-autoplay=\"1\" data-delay=\"12000\" data-duration=\"500\" data-infinite=\"1\">\n\t\t\t<div class=\"w-slider-mask\">\n\t\t\t\t<div class=\"w-slide\">\n\t\t\t\t\t<div class=\"testimonial-wrapper\">\n\t\t\t\t\t\t<p>Lorem ipsum dolor sit amet, consectetur adipiscing elit. Suspendisse varius enim in eros elementum tristique. Duis cursus, mi quis viverra ornare, eros dolor interdum nulla, ut commodo diam libero vitae erat. Aenean faucibus nibh et justo cursus id rutrum lorem imperdiet. Nunc ut sem vitae risus tristique posuere.<\/p>\n<p><!--img src=\"http:\/\/uploads.webflow.com\/58f0d3b1bf2d6363e82d4ee8\/5905e8c09086586eadd9a23d_markus-beispiel%402x.png\" width=\"60\" \/ --><\/p>\n<div class=\"flex-2-col\">\n<div>\n<div class=\"testimonial-name\">Markus Beispiel<\/div>\n<div class=\"testimonial-info\">Studio Owner, Berlin, Germany<\/div>\n<\/div>\n<\/div>\n\t\t\t\t\t<\/div>\n\t\t\t\t<\/div>\t\t\t\n\t\t\t\t<div class=\"w-slide\">\n\t\t\t\t\t<div class=\"testimonial-wrapper\">\n\t\t\t\t\t\t<p>Lorem ipsum dolor sit amet, consectetur adipiscing elit. Suspendisse varius enim in eros elementum tristique. Duis cursus, mi quis viverra ornare, eros dolor interdum nulla, ut commodo diam libero vitae erat. Aenean faucibus nibh et justo cursus id rutrum lorem imperdiet. Nunc ut sem vitae risus tristique posuere.<\/p>\n<div class=\"flex-2-col\">\n<div class=\"testimonial-image-wrapper\"><!--img src=\"http:\/\/uploads.webflow.com\/58f0d3b1bf2d6363e82d4ee8\/5905e8c09086586eadd9a23d_markus-beispiel%402x.png\" width=\"60\" \/ --><\/div>\n<div>\n<div class=\"testimonial-name\">Markus Beispiel<\/div>\n<div class=\"testimonial-info\">Studio Owner, Berlin, Germany<\/div>\n<\/div>\n<\/div>\n\t\t\t\t\t<\/div>\n\t\t\t\t<\/div>\t\t\t\n\t\t\t\n\t\t\t<\/div>\n\t\t\t<div class=\"testimonnial-slider-nav w-round w-slider-nav w-slider-nav-invert\"><\/div>\n\t\t<\/div>\n\t<\/div>\n<\/div><\/div><\/div><\/div><\/div><div class=\"vc_row-full-width vc_clearfix\"><\/div>","protected":false},"excerpt":{"rendered":".slide.post-5930, .slide.post-debug-5930 { background-position-x: 100%; background-position-y: 100%; background-size: cover; background-repeat: no-repeat; background-attachment: initial; background-origin: initial; background-clip: initial; background-color: initial; background-image: url(\"https:\/\/es.xbodyworld.com\/wp-content\/uploads\/2018\/05\/acticare-hero-bg.png\"); color: white !important; } .slide.post-5930 a:hover, .slide.post-debug-5930 a:hover { color: white !important; border-color: white; } .slide.post-5930 .xbody-contactform a:hover, .slide.post-debug-5930 .xbody-contactform a:hover { border-bottom-color: #2b353a!important; color: #2b353a!important; text-decoration: none!important; } Paquete de soporte completo para [...]","protected":false},"author":3,"featured_media":0,"parent":0,"menu_order":0,"comment_status":"closed","ping_status":"closed","template":"","meta":[],"_links":{"self":[{"href":"https:\/\/es.xbodyworld.com\/es\/wp-json\/wp\/v2\/pages\/5928"}],"collection":[{"href":"https:\/\/es.xbodyworld.com\/es\/wp-json\/wp\/v2\/pages"}],"about":[{"href":"https:\/\/es.xbodyworld.com\/es\/wp-json\/wp\/v2\/types\/page"}],"author":[{"embeddable":true,"href":"https:\/\/es.xbodyworld.com\/es\/wp-json\/wp\/v2\/users\/3"}],"replies":[{"embeddable":true,"href":"https:\/\/es.xbodyworld.com\/es\/wp-json\/wp\/v2\/comments?post=5928"}],"version-history":[{"count":28,"href":"https:\/\/es.xbodyworld.com\/es\/wp-json\/wp\/v2\/pages\/5928\/revisions"}],"predecessor-version":[{"id":37452,"href":"https:\/\/es.xbodyworld.com\/es\/wp-json\/wp\/v2\/pages\/5928\/revisions\/37452"}],"wp:attachment":[{"href":"https:\/\/es.xbodyworld.com\/es\/wp-json\/wp\/v2\/media?parent=5928"}],"curies":[{"name":"wp","href":"https:\/\/api.w.org\/{rel}","templated":true}]}}