{"id":6178,"date":"2020-05-19T06:32:34","date_gmt":"2020-05-19T06:32:34","guid":{"rendered":"http:\/\/xbodyworld.com\/?page_id=6178"},"modified":"2021-01-05T11:21:08","modified_gmt":"2021-01-05T10:21:08","slug":"beat-training-suit","status":"publish","type":"page","link":"https:\/\/es.xbodyworld.com\/es\/beat-training-suit\/","title":{"rendered":"Traje de entrenamiento BEAT"},"content":{"rendered":"<div class=\"vc_row wpb_row vc_row-fluid\"><div class=\"wpb_column vc_column_container vc_col-sm-12\"><div class=\"vc_column-inner\"><div class=\"wpb_wrapper\">\n<div class=\"headerpost first section\">\n\n\t<div class=\"slide w-slide no-bg post-1846 post-debug-1846\" style=\"transform: translateX(0px); opacity: 1;\">\n\t\t<div class=\"vertical-center-left wide-container\">\n\t\t\t<div class=\"content-wrapper-50\">\n\t\t\t\t<h1><strong> TRAJE DE ENTRENAMIENTO BEAT <\/strong><\/h1>\n<p>DISE\u00d1ADO PARA EL RENDIMIENTO<\/p>\n<p>Forma y funci\u00f3n para un ajuste m\u00e1s r\u00e1pido y ultra c\u00f3modo.<\/p>\n<p>El nuevo traje de entrenamiento XBody impresiona con <strong> materiales de alta calidad <\/strong>,<br \/>\nun aspecto sofisticado y un dise\u00f1o ergon\u00f3mico y ligero.<\/p>\n<p><strong> Hecho para uso profesional<\/strong>, es resistente y duradero.<\/p>\n\t\t\t<\/div>\n\t\t\t\t<div class=\"content-wrapper-50 full-height\">\n\t\t\t\t\t\t<img class=\"full-width-image\" src=\"https:\/\/es.xbodyworld.com\/wp-content\/uploads\/2020\/05\/Petra_New_Suit_1700-1-e1589904665386.png\" >\n\t\t\t\t\t<\/div>\n\t\t\t<\/div>\n\t<\/div>\n\n<\/div>\n<div class=\"margins section margins\">\n\t<div class=\"center wide-container\">\n\t\t\t\t<div class=\"multi-column-wrapper\">\n\t\t\t\t\t\t<a class=\"multi-column w-inline-block product-name\" href=\"#\">\n\t\t\t\t\t<div class=\"mb-25 multi-column-image-container\">\n\t\t\t\t\t\t<img class=\"services\" src=\"\">\n\t\t\t\t\t<\/div>\n\t\t\t\t\t\n\t\t\t\t\t<div class=\"multi-colum-text-container\">\n\t\t\t\t\t\t<p style=\"position: relative; padding: 30px 0px 57% 0px; height: 0; overflow: hidden;\"><iframe loading=\"lazy\" style=\"display: block; margin: 0px auto; position: absolute; top: 0; left: 0;\" src=\"https:\/\/www.youtube.com\/embed\/eilKaXwX48k?autoplay=1&amp;disablekb=1&amp;loop=1&amp;modestbranding=1&amp;iv_load_policy=3\" width=\"100%\" height=\"100%\" frameborder=\"0\"><\/iframe><\/p>\n\t\t\t\t\t<\/div>\n\t\t\t\t<\/a>\n\t\t\t\t<\/div>\n\t<\/div>\n<\/div>\n<div  class=\"margins section xbody-changingside post-1860\">\n\t<div class=\"regular-container\">\n\t\t\t\t\t<h1 class=\"mb-50 section-heading\">BENEFICIOS DEL TRAJE DE ENTRENAMIENTO BEAT<\/h1>\n\t\t\t\t<div class=\"story-section\">\n\t\t\t<div class=\"row vertical-align w-row\">\n\t\t\t\t\t\t\t<div class=\"column w-col w-col-6 w-col-medium-6 w-col-small-small-stack w-col-tiny-tiny-stack small-order-two\">\n\t\t\t\t\t\t<div class=\"paragraphcont\">\n\t\t\t\t\t\t\t<h3 class=\"story-header\">DISE\u00d1ADO ANAT\u00d3MICAMENTE PARA CLIENTES<\/h3><div style=\"text-align: justify;\">\n<p><span style=\"font-weight: 400;\">El traje de entrenamiento Beat es el siguiente paso en la evoluci\u00f3n de los trajes de entrenamiento de EMS. Su <strong>dise\u00f1o ligero<\/strong> se basa en muchos a\u00f1os de experiencia en el entrenamiento de EMS, por lo que este es el <strong>traje EMS m\u00e1s avanzado con calidad y apariencia de alta gama<\/strong> que se ha construido para uso profesional.<\/span><\/p>\n<p>El traje de entrenamiento Beat contiene <strong>electrodos anat\u00f3micamente dise\u00f1ados y colocados estrat\u00e9gicamente<\/strong> para todo el cuerpo, incluso para los hombros y el \u00e1rea de los brazos, lo que resulta en una mejor estimulaci\u00f3n muscular.<\/p>\n<p><span style=\"font-weight: 400;\">Para una <strong>mayor comodidad<\/strong>, nuestros ingenieros implementaron un <strong>sistema de correas ocultas y utilizaron textiles de estiramiento 3D<\/strong> que se adaptan perfectamente a todos los tipos de cuerpo. Nuestro<strong> exclusivo sistema modular<\/strong> garantiza una mezcla m\u00e1s f\u00e1cil y combina tama\u00f1os de chaleco y pantalones.<\/span><\/p>\n<\/div>\n\t\t\t\t\t\t<\/div>\n\t\t\t\t\t<\/div>\n\t\t\t\t\t<div class=\"w-col w-col-6 w-col-medium-6 w-col-small-small-stack w-col-tiny-tiny-stack small-order-one\">\n\t\t\t\t\t\t<div class=\"column large\">\n\t\t\t\t\t<!-- youtube_id:  -->\t\t\t\t\t\t\t\t<img class=\"padding-10\" src=\"https:\/\/es.xbodyworld.com\/wp-content\/uploads\/2017\/06\/XB_Newsuit_01.jpg\" >\n\t\t\t\t\t\t\t\t\t\t\t<\/div>\n\t\t\t\t\t<\/div>\n\t\t\t\t\t\t<\/div>\n\t\t<\/div>\n\t\t\t\t<div class=\"story-section\">\n\t\t\t<div class=\"row vertical-align w-row\">\n\t\t\t\t\t\t\t<div class=\"column w-col w-col-6 w-col-medium-6 w-col-small-small-stack w-col-tiny-tiny-stack small-order-one\">\n\t\t\t\t\t\t<div class=\"column large\">\n\t\t\t\t\t<!-- youtube_id:  -->\t\t\t\t\t\t\t\t<img class=\"padding-10\" src=\"https:\/\/es.xbodyworld.com\/wp-content\/uploads\/2020\/05\/XB_Newsuit_01.jpg\" >\n\t\t\t\t\t\t\t\t\t\t\t<\/div>\n\t\t\t\t\t<\/div>\n\t\t\t\t\t<div class=\"w-col w-col-6 w-col-medium-6 w-col-small-small-stack w-col-tiny-tiny-stack small-order-two\">\n\t\t\t\t\t\t<div class=\"paragraphcont\">\n\t\t\t\t\t\t\t<h3 class=\"story-header\">ESTRAT\u00c9GICAMENTE DISE\u00d1ADO PARA PROFESIONALES<\/h3>\n\t\t\t\t\t\t\t<div style=\"text-align: justify;\">\n<p>Gracias al galardonado equipo de ingenier\u00eda de XBody, nuestro \u00faltimo traje de entrenamiento viene con el <strong>sistema de cableado de \u00faltima generaci\u00f3n<\/strong>. Los nuevos <strong>cables textiles ligeros, pero resistentes<\/strong> vienen ahora en un sistema modular, que permite una <strong>f\u00e1cil colocaci\u00f3n y mantenimiento.<\/strong> Tambi\u00e9n los chalecos y pantalones de entrenamiento ahora tienen sistemas de cable separados para una mayor variabilidad en el tama\u00f1o. Los<strong> electrodos de hombro y brazo se fijan f\u00e1cilmente<\/strong> al nuevo traje de entrenamiento XBody.<\/p>\n<p>Su nuevo accesorio <strong>magn\u00e9tico Quick-Click de Actiwear<\/strong> proporciona una <strong>manera m\u00e1s f\u00e1cil de conectar<\/strong> con el chaleco y los pantalones del nuevo traje de entrenamiento.<\/p>\n<\/div>\n\t\t\t\t\t\t<\/div>\n\t\t\t\t\t<\/div>\n\t\t\t\t\t<\/div>\n\t\t<\/div>\n\t\t\t\t<div class=\"story-section\">\n\t\t\t<div class=\"row vertical-align w-row\">\n\t\t\t\t\t\t\t<div class=\"column w-col w-col-6 w-col-medium-6 w-col-small-small-stack w-col-tiny-tiny-stack small-order-two\">\n\t\t\t\t\t\t<div class=\"paragraphcont\">\n\t\t\t\t\t\t\t<h3 class=\"story-header\">PROCESO DE VESTIR R\u00c1PIDO PARA EL CLIENTE<\/h3><div style=\"text-align: justify;\">\n<p>Nuestro traje de entrenamiento Beat nunca ha sido tan f\u00e1cil de poner y quitar gracias a nuestras <strong>nuevas hebillas magn\u00e9ticas innovadoras<\/strong>, que proporcionan un cierre y apertura f\u00e1cil y r\u00e1pido. Ofrece a los <strong>clientes la posibilidad de vestirse<\/strong> a s\u00ed mismos, <strong>acelerando as\u00ed el proceso de vestir<\/strong>, y <strong>manteniendo el distanciamiento social<\/strong> del entrenador cuando sea necesario.<\/p>\n<p>Combinando con nuestro dispositivo<strong> Actiwear<\/strong> puede entrenar<strong> sin l\u00edmites de distancia entre el Actiwave y los clientes<\/strong>. Explora las emocionantes posibilidades que nuestra funci\u00f3n <strong>Go-Out<\/strong> tiene para ofrecer: maximiza el n\u00famero de clientes sin tener una sesi\u00f3n de entrenamiento en el mismo lugar.<\/p>\n<p>M\u00e1s informaci\u00f3n sobre el<a href=\"https:\/\/es.xbodyworld.com\/es\/xbody-actiwave\/\"> primer dispositivo EMS h\u00edbrido<\/a>.<\/p>\n<\/div>\n\t\t\t\t\t\t<\/div>\n\t\t\t\t\t<\/div>\n\t\t\t\t\t<div class=\"w-col w-col-6 w-col-medium-6 w-col-small-small-stack w-col-tiny-tiny-stack small-order-one\">\n\t\t\t\t\t\t<div class=\"column large\">\n\t\t\t\t\t<!-- youtube_id: Yxmb03eBMxI -->\t\t\t\t\t\t\t\t<div class=\"xbody_youtube\">\n\t<!-- YoutubeID: Yxmb03eBMxI -->\n\t<div class=\"video-container\"> \n\t\t<iframe width=\"560\" height=\"315\" src=\"https:\/\/www.youtube.com\/embed\/Yxmb03eBMxI?rel=0&amp;controls=0&amp;showinfo=0;start=20\" frameborder=\"0\" allow=\"accelerometer; autoplay; encrypted-media; gyroscope; picture-in-picture\" allowfullscreen><\/iframe> \n\t<\/div>\n<\/div>\n\t\t\t\t\t\t\t\t\t\t\t\t<\/div>\n\t\t\t\t\t<\/div>\n\t\t\t\t\t\t<\/div>\n\t\t<\/div>\n\t\t\t\t\t\n\t<\/div>\n<\/div><\/div><\/div><\/div><\/div><div class=\"vc_row wpb_row vc_row-fluid\"><div class=\"wpb_column vc_column_container vc_col-sm-12\"><div class=\"vc_column-inner\"><div class=\"wpb_wrapper\"><div class=\"threecolumn margins section light minimalspace\">\n    <div class=\"wide-container\">\n\t\t<h1 class=\"section-heading\">CARACTERISTICAS DEL TRAJE DE ENTRENAMIENTO BEAT<\/h1>\n        <div class=\"icon-card-section\">\n\t\t            <div class=\"icon-card\">\n                <div class=\"icon-container\" style=\"text-align: center;\" >\n\t\t\t\t\t<img src=\"https:\/\/es.xbodyworld.com\/wp-content\/uploads\/2020\/05\/self_suit_v2_100.png\" >\n\t\t\t\t<\/div>\n                <div class=\"text-container\" style=\"text-align: center;\" >\n                    <h4 class=\"icon-card-header\">Proceso de vestir r\u00e1pido para el cliente<\/h4>\n                    <p class=\"paragraph light\">\n\t\t\t\t\t\t<div>Nuestras nuevas <strong>hebillas magn\u00e9ticas innovadoras<\/strong> proporcionan un cierre y una apertura f\u00e1ciles y r\u00e1pidos. Con ellos, el traje de entrenamiento Beat <strong>ofrece la capacidad para que los clientes se visten a s\u00ed mismos<\/strong>, manteniendo as\u00ed el distanciamiento social de los entrenadores.<\/div>\n                <\/div>\n            <\/div>\n\t\t            <div class=\"icon-card\">\n                <div class=\"icon-container\" style=\"text-align: center;\" >\n\t\t\t\t\t<img src=\"https:\/\/es.xbodyworld.com\/wp-content\/uploads\/2020\/05\/modules_trans_100.png\" >\n\t\t\t\t<\/div>\n                <div class=\"text-container\" style=\"text-align: center;\" >\n                    <h4 class=\"icon-card-header\">Dise\u00f1o de trajes de entrenamiento modulares<\/h4>\n                    <p class=\"paragraph light\">\n\t\t\t\t\t\t<div style=\"text-align: justify;\">Al igual que todos los trajes de entrenamiento XBody, el traje de entrenamiento Beat tambi\u00e9n est\u00e1 dise\u00f1ado como un sistema modular multicapa para proporcionar la m\u00e1xima eficiencia y flexibilidad excepcional. Hace una <strong>mezcla m\u00e1s f\u00e1cil y combinar los tama\u00f1os de chaleco y pantalones.<\/strong>\u00a0 El sistema de correa oculto implementado garantiza un ajuste perfecto para todos los tipos de cuerpo.<\/div>\n                <\/div>\n            <\/div>\n\t\t            <div class=\"icon-card\">\n                <div class=\"icon-container\" style=\"text-align: center;\" >\n\t\t\t\t\t<img src=\"https:\/\/es.xbodyworld.com\/wp-content\/uploads\/2020\/05\/shoulder_v1_100.png\" >\n\t\t\t\t<\/div>\n                <div class=\"text-container\" style=\"text-align: center;\" >\n                    <h4 class=\"icon-card-header\">Electrodos de hombro + brazo<\/h4>\n                    <p class=\"paragraph light\">\n\t\t\t\t\t\t<div>El traje de entrenamiento Beat contiene electrodos <strong>anat\u00f3micamente dise\u00f1ados y colocados estrat\u00e9gicamente<\/strong> para todo el cuerpo. Los <strong>electrodos de hombro y brazo incluidos se unen f\u00e1cilmente<\/strong> al nuevo traje de entrenamiento Beat.<\/div>\n                <\/div>\n            <\/div>\n\t\t            <div class=\"icon-card\">\n                <div class=\"icon-container\" style=\"text-align: center;\" >\n\t\t\t\t\t<img src=\"https:\/\/es.xbodyworld.com\/wp-content\/uploads\/2020\/05\/advanced-wired_100.png\" >\n\t\t\t\t<\/div>\n                <div class=\"text-container\" style=\"text-align: center;\" >\n                    <h4 class=\"icon-card-header\">Sistema de cableado de pr\u00f3xima generaci\u00f3n<\/h4>\n                    <p class=\"paragraph light\">\n\t\t\t\t\t\t<div>Los nuevos cables textiles ligeros, pero resistentes<strong> vienen ahora en un sistema modular<\/strong>, que permite una<strong> f\u00e1cil colocaci\u00f3n y mantenimiento<\/strong>. Tambi\u00e9n los chalecos y pantalones de entrenamiento ahora tienen sistemas de cable separados para una mayor variabilidad en el tama\u00f1o.<\/div>\n                <\/div>\n            <\/div>\n\t\t            <div class=\"icon-card\">\n                <div class=\"icon-container\" style=\"text-align: center;\" >\n\t\t\t\t\t<img src=\"https:\/\/es.xbodyworld.com\/wp-content\/uploads\/2020\/05\/quick-click_v2_100.png\" >\n\t\t\t\t<\/div>\n                <div class=\"text-container\" style=\"text-align: center;\" >\n                    <h4 class=\"icon-card-header\">Clic R\u00e1pido<\/h4>\n                    <p class=\"paragraph light\">\n\t\t\t\t\t\t<div>La <strong>fijaci\u00f3n magn\u00e9tica de Actiwear con un clic r\u00e1pido<\/strong> garantiza una f\u00e1cil conexi\u00f3n con el chaleco y los pantalones y proporciona<strong> total libertad de movimiento<\/strong> durante el entrenamiento.<\/div>\n                <\/div>\n            <\/div>\n\t\t            <div class=\"icon-card\">\n                <div class=\"icon-container\" style=\"text-align: center;\" >\n\t\t\t\t\t<img src=\"https:\/\/es.xbodyworld.com\/wp-content\/uploads\/2020\/05\/everyone_trans.png\" >\n\t\t\t\t<\/div>\n                <div class=\"text-container\" style=\"text-align: center;\" >\n                    <h4 class=\"icon-card-header\">Se adapta a todos<\/h4>\n                    <p class=\"paragraph light\">\n\t\t\t\t\t\t<div>Los trajes vienen en una amplia gama de caracter\u00edsticas ergon\u00f3micas.\u00a0<strong>Los electrodos de forma anat\u00f3mica<\/strong>, el dise\u00f1o ligero y el<strong> tejido de estiramiento 3D<\/strong> garantizan el <strong>confort perfecto para todos.<\/strong><\/div>\n                <\/div>\n            <\/div>\n\t\t        <\/div>\n    <\/div>\n<\/div><div class=\"vc_row wpb_row vc_inner vc_row-fluid\"><div class=\"wpb_column vc_column_container vc_col-sm-12\"><div class=\"vc_column-inner\"><div class=\"wpb_wrapper\"><div style=\"text-align: center; width: 100%;\"  class=\"maybegluetobottom\">\n\t\t\t\t<a class=\"solid button\" href=\"https:\/\/es.xbodyworld.com\/es\/contactenos\/\">CONT\u00c1CTENOS<\/a>\n\t\t\t<\/div><\/div><\/div><\/div><\/div><div class=\"vc_row wpb_row vc_inner vc_row-fluid\"><div class=\"wpb_column vc_column_container vc_col-sm-12\"><div class=\"vc_column-inner\"><div class=\"wpb_wrapper\"><div class=\"vc-zigzag-wrapper vc-zigzag-align-center\" >\n\t<div class=\"vc-zigzag-inner\"\n\t\t\tstyle=\"width: 100%;min-height: 17px;background: 0 repeat-x url(&#039;data:image\/svg+xml;utf-8,%3C%3Fxml%20version%3D%221.0%22%20encoding%3D%22utf-8%22%3F%3E%3C%21DOCTYPE%20svg%20PUBLIC%20%22-%2F%2FW3C%2F%2FDTD%20SVG%201.1%2F%2FEN%22%20%22http%3A%2F%2Fwww.w3.org%2FGraphics%2FSVG%2F1.1%2FDTD%2Fsvg11.dtd%22%3E%3Csvg%20width%3D%2217px%22%20height%3D%2215px%22%20viewBox%3D%220%200%2018%2015%22%20version%3D%221.1%22%20xmlns%3D%22http%3A%2F%2Fwww.w3.org%2F2000%2Fsvg%22%20xmlns%3Axlink%3D%22http%3A%2F%2Fwww.w3.org%2F1999%2Fxlink%22%3E%3Cpolygon%20id%3D%22Combined-Shape%22%20fill%3D%22%23ffffff%22%20points%3D%228.98762301%200%200%209.12771969%200%2014.519983%209%205.40479869%2018%2014.519983%2018%209.12771969%22%3E%3C%2Fpolygon%3E%3C%2Fsvg%3E&#039;);\">\n\t<\/div>\n<\/div>\n<\/div><\/div><\/div><\/div><\/div><\/div><\/div><div class=\"wpb_column vc_column_container vc_col-sm-12\"><div class=\"vc_column-inner\"><div class=\"wpb_wrapper\">\n<style>\n\t.multi-column-image-container img {\n\t\tmax-height: 250px;\n\t}\n<\/style>\n\n<div  class=\"products2  dark margins section\">\n\t<div class=\"regular-container center\">\n\t\t<h2 class=\"section-heading\">COMB\u00cdNALO CON XBODY ACTIWAVE Y DA A TUS CLIENTES LA M\u00c1XIMA LIBERTAD<\/h2>\n\t<div class=\"multi-column-wrapper\">\n\t\t<div class=\"multi-column\">\n\t\t\t<div class=\"mb-25 multi-column-image-container\">\n\t\t\t\t<img src=\"\">\n\t\t\t<\/div>\n\t\t\t<div class=\"multi-colum-text-container posrelative\" >\n\t\t\t\t<h4><\/h4>\n\t\t\t\t<p><h3 style=\"text-align: center;\">Soluci\u00f3n vers\u00e1til en un entorno cambiante, satisfacer m\u00faltiples necesidades y cumplir con estrictos protocolos de higiene<\/h3>\n<p style=\"text-align: center;\"><strong>Funci\u00f3n sin cable Go-Out &#8211; Opci\u00f3n de vestirse solo &#8211; Separaci\u00f3n de sesiones &#8211; Asegurar la distancia social<\/strong><\/p>\n<p style=\"text-align: center;\"><a href=\"https:\/\/es.xbodyworld.com\/es\/xbody-actiwave\/\"> \u00a1Aprende m\u00e1s sobre Actiwave! <\/a><\/p>\n<h4 style=\"text-align: center;\"><strong>\u00a1APRENDE, ADAPTA, CRECE!<\/strong><\/h4>\n<\/p>\n\t\t\t<\/div>\n\t\t<\/div>\n\n\t<\/div>\n\t\t<div class=\"center\">\n\t\t\t<a class=\"solid button\" href=\"https:\/\/es.xbodyworld.com\/es\/contactenos\/\">CONT\u00c1CTENOS<\/a>\n\t\t<\/div>\n\t<\/div>\n<\/div><\/div><\/div><\/div><\/div><div class=\"vc_row wpb_row vc_row-fluid\"><div class=\"wpb_column vc_column_container vc_col-sm-12\"><div class=\"vc_column-inner\"><div class=\"wpb_wrapper\"><div class=\"accent-bg margins section xbody-twopost\">\n\t<div class=\"regular-container\">\n\t\t<div class=\"center story-section\">\n\t\t\t<h2 class=\"mb-50 section-heading\">VAMOS A PONERNOS EN CONTACTO<\/h2>\n\t\t\t<div class=\"row vertical-align w-row\">\n\t\t\t\t<div class=\"w-col w-col-6 w-col-small-9 w-col-tiny-11\">\n\t\t\t\t\t<div class=\"padded-holder\">\n\t\t\t\t\t\t<img src=\"https:\/\/es.xbodyworld.com\/wp-content\/uploads\/2017\/05\/np_mail.png\">\n\t\t\t\t\t\t\n\t\t\t\t\t\t<p class=\"intro paragraph\">\u00bfQUIERES SABER M\u00c1S SOBRE LOS DISPOSITIVOS DE ENTRENAMIENTO XBODY EMS?<\/p>\n\t\t\t\t\t\t<p class=\"paragraph\"><p>Cont\u00e1ctenos, responderemos sus preguntas y le daremos un presupuesto personalizado para sus necesidades comerciales.<\/p>\n<div class=\"maybegluetobottom\">\n\t\t\t\t<a class=\"solid button\" href=\"https:\/\/es.xbodyworld.com\/es\/contactenos\/\">Cont\u00e1ctenos<\/a>\n\t\t\t<\/div>\n\n\t\t\t\t\t<\/div>\n\t\t\t\t<\/div>\n\t\t\t\t<div class=\"w-col w-col-6 w-col-small-9 w-col-tiny-11\">\n\t\t\t\t\t<div class=\"padded-holder\">\n\t\t\t\t\t\t<img src=\"https:\/\/es.xbodyworld.com\/wp-content\/uploads\/2017\/05\/np_globe.png\">\n\t\t\t\t\t\t\n\t\t\t\t\t\t<p class=\"intro paragraph\">\u00bfQUIERES CONVERTIRTE EN DISTRIBUIDOR DE DISPOSITIVOS XBODY EMS?<\/p>\n\t\t\t\t\t\t<p class=\"paragraph\"><p>\u00danase a la familia XBody y solicite derechos para distribuir productos XBody en su pa\u00eds.<\/p>\n<div class=\"maybegluetobottom\">\n\t\t\t\t<a class=\"button\" href=\"https:\/\/es.xbodyworld.com\/es\/convertirse-en-distribuidor-xbody\/\">SOLICITAR DERECHOS DE DISTRIBUCI\u00d3N<\/a>\n\t\t\t<\/div>\n\n\t\t\t\t\t<\/div>\n\t\t\t\t<\/div>\n\t\t\t<\/div>\n\t\t<\/div>\n\t<\/div>\n<\/div><\/div><\/div><\/div><\/div>","protected":false},"excerpt":{"rendered":"TRAJE DE ENTRENAMIENTO BEAT DISE\u00d1ADO PARA EL RENDIMIENTO Forma y funci\u00f3n para un ajuste m\u00e1s r\u00e1pido y ultra c\u00f3modo. El nuevo traje de entrenamiento XBody impresiona con materiales de alta calidad , un aspecto sofisticado y un dise\u00f1o ergon\u00f3mico y ligero. Hecho para uso profesional, es resistente y duradero. BENEFICIOS DEL TRAJE DE ENTRENAMIENTO BEAT [...]","protected":false},"author":3,"featured_media":0,"parent":0,"menu_order":0,"comment_status":"closed","ping_status":"closed","template":"","meta":[],"_links":{"self":[{"href":"https:\/\/es.xbodyworld.com\/es\/wp-json\/wp\/v2\/pages\/6178"}],"collection":[{"href":"https:\/\/es.xbodyworld.com\/es\/wp-json\/wp\/v2\/pages"}],"about":[{"href":"https:\/\/es.xbodyworld.com\/es\/wp-json\/wp\/v2\/types\/page"}],"author":[{"embeddable":true,"href":"https:\/\/es.xbodyworld.com\/es\/wp-json\/wp\/v2\/users\/3"}],"replies":[{"embeddable":true,"href":"https:\/\/es.xbodyworld.com\/es\/wp-json\/wp\/v2\/comments?post=6178"}],"version-history":[{"count":62,"href":"https:\/\/es.xbodyworld.com\/es\/wp-json\/wp\/v2\/pages\/6178\/revisions"}],"predecessor-version":[{"id":37426,"href":"https:\/\/es.xbodyworld.com\/es\/wp-json\/wp\/v2\/pages\/6178\/revisions\/37426"}],"wp:attachment":[{"href":"https:\/\/es.xbodyworld.com\/es\/wp-json\/wp\/v2\/media?parent=6178"}],"curies":[{"name":"wp","href":"https:\/\/api.w.org\/{rel}","templated":true}]}}